{"id":44975,"date":"2025-08-01T10:50:21","date_gmt":"2025-08-01T10:50:21","guid":{"rendered":"https:\/\/oeirasvalleycup.com\/2025\/?page_id=44975"},"modified":"2025-08-01T10:58:25","modified_gmt":"2025-08-01T10:58:25","slug":"oeiras-valley-2025-mens-senior-futsal-cup-about","status":"publish","type":"page","link":"https:\/\/oeirasvalleycup.com\/2025\/oeiras-valley-2025-mens-senior-futsal-cup-about\/","title":{"rendered":"Oeiras Valley 2025 Men\u2019s Senior Futsal Cup &#8211; About"},"content":{"rendered":"\t\t<div data-elementor-type=\"wp-page\" data-elementor-id=\"44975\" class=\"elementor elementor-44975\" data-elementor-post-type=\"page\">\n\t\t\t\t\t\t<section class=\"elementor-section elementor-top-section elementor-element elementor-element-7064bf7 elementor-section-boxed elementor-section-height-default elementor-section-height-default sc_fly_static\" data-id=\"7064bf7\" data-element_type=\"section\">\n\t\t\t\t\t\t<div class=\"elementor-container elementor-column-gap-extended\">\n\t\t\t\t\t<div class=\"elementor-column elementor-col-100 elementor-top-column elementor-element elementor-element-4591c7a sc_content_align_inherit sc_layouts_column_icons_position_left sc_fly_static\" data-id=\"4591c7a\" data-element_type=\"column\">\n\t\t\t<div class=\"elementor-widget-wrap elementor-element-populated\">\n\t\t\t\t\t\t<div class=\"elementor-element elementor-element-3f2e6ca sc_height_huge sc_fly_static elementor-widget elementor-widget-spacer\" data-id=\"3f2e6ca\" data-element_type=\"widget\" data-widget_type=\"spacer.default\">\n\t\t\t\t<div class=\"elementor-widget-container\">\n\t\t\t\t\t\t\t<div class=\"elementor-spacer\">\n\t\t\t<div class=\"elementor-spacer-inner\"><\/div>\n\t\t<\/div>\n\t\t\t\t\t\t<\/div>\n\t\t\t\t<\/div>\n\t\t\t\t\t<\/div>\n\t\t<\/div>\n\t\t\t\t\t<\/div>\n\t\t<\/section>\n\t\t\t\t<section class=\"elementor-section elementor-top-section elementor-element elementor-element-daaf175 elementor-section-boxed elementor-section-height-default elementor-section-height-default sc_fly_static\" data-id=\"daaf175\" data-element_type=\"section\">\n\t\t\t\t\t\t<div class=\"elementor-container elementor-column-gap-extended\">\n\t\t\t\t\t<div class=\"elementor-column elementor-col-50 elementor-top-column elementor-element elementor-element-18631d3 sc_content_align_inherit sc_layouts_column_icons_position_left sc_fly_static\" data-id=\"18631d3\" data-element_type=\"column\">\n\t\t\t<div class=\"elementor-widget-wrap elementor-element-populated\">\n\t\t\t\t\t\t<div class=\"elementor-element elementor-element-087728b sc_fly_static elementor-widget elementor-widget-image\" data-id=\"087728b\" data-element_type=\"widget\" data-widget_type=\"image.default\">\n\t\t\t\t<div class=\"elementor-widget-container\">\n\t\t\t\t\t\t\t\t\t\t\t\t\t\t\t<img fetchpriority=\"high\" decoding=\"async\" width=\"1080\" height=\"1350\" src=\"https:\/\/oeirasvalleycup.com\/2025\/wp-content\/uploads\/2025\/08\/1080_x_1350_PX_IG_feed.png\" class=\"attachment-full size-full wp-image-44978\" alt=\"\" srcset=\"https:\/\/oeirasvalleycup.com\/2025\/wp-content\/uploads\/2025\/08\/1080_x_1350_PX_IG_feed.png 1080w, https:\/\/oeirasvalleycup.com\/2025\/wp-content\/uploads\/2025\/08\/1080_x_1350_PX_IG_feed-240x300.png 240w, https:\/\/oeirasvalleycup.com\/2025\/wp-content\/uploads\/2025\/08\/1080_x_1350_PX_IG_feed-819x1024.png 819w, https:\/\/oeirasvalleycup.com\/2025\/wp-content\/uploads\/2025\/08\/1080_x_1350_PX_IG_feed-768x960.png 768w, https:\/\/oeirasvalleycup.com\/2025\/wp-content\/uploads\/2025\/08\/1080_x_1350_PX_IG_feed-370x463.png 370w, https:\/\/oeirasvalleycup.com\/2025\/wp-content\/uploads\/2025\/08\/1080_x_1350_PX_IG_feed-840x1050.png 840w, https:\/\/oeirasvalleycup.com\/2025\/wp-content\/uploads\/2025\/08\/1080_x_1350_PX_IG_feed-410x513.png 410w, https:\/\/oeirasvalleycup.com\/2025\/wp-content\/uploads\/2025\/08\/1080_x_1350_PX_IG_feed-400x500.png 400w, https:\/\/oeirasvalleycup.com\/2025\/wp-content\/uploads\/2025\/08\/1080_x_1350_PX_IG_feed-320x400.png 320w, https:\/\/oeirasvalleycup.com\/2025\/wp-content\/uploads\/2025\/08\/1080_x_1350_PX_IG_feed-26x32.png 26w\" sizes=\"(max-width: 1080px) 100vw, 1080px\" \/>\t\t\t\t\t\t\t\t\t\t\t\t\t\t\t<\/div>\n\t\t\t\t<\/div>\n\t\t\t\t\t<\/div>\n\t\t<\/div>\n\t\t\t\t<div class=\"elementor-column elementor-col-50 elementor-top-column elementor-element elementor-element-4d89944 sc_content_align_inherit sc_layouts_column_icons_position_left sc_fly_static\" data-id=\"4d89944\" data-element_type=\"column\">\n\t\t\t<div class=\"elementor-widget-wrap elementor-element-populated\">\n\t\t\t\t\t\t<div class=\"elementor-element elementor-element-67bd1f4 sc_fly_static elementor-widget elementor-widget-trx_sc_title\" data-id=\"67bd1f4\" data-element_type=\"widget\" data-widget_type=\"trx_sc_title.default\">\n\t\t\t\t<div class=\"elementor-widget-container\">\n\t\t\t\t\t<div\t\tclass=\"sc_title sc_title_default\" ><span class=\"sc_item_subtitle sc_title_subtitle sc_item_subtitle_above sc_item_title_style_default\">Oeiras Valley 2025 Men\u2019s Senior Futsal Cup<\/span><h1 class=\"sc_item_title sc_title_title sc_item_title_style_default sc_item_title_tag\"\n\t\t\t><span class=\"sc_item_title_text\">A Festa do Futsal S\u00e9nior Masculino<\/span><\/h1><\/div>\t\t\t\t<\/div>\n\t\t\t\t<\/div>\n\t\t\t\t<div class=\"elementor-element elementor-element-36cc8d1 sc_fly_static elementor-widget elementor-widget-spacer\" data-id=\"36cc8d1\" data-element_type=\"widget\" data-widget_type=\"spacer.default\">\n\t\t\t\t<div class=\"elementor-widget-container\">\n\t\t\t\t\t\t\t<div class=\"elementor-spacer\">\n\t\t\t<div class=\"elementor-spacer-inner\"><\/div>\n\t\t<\/div>\n\t\t\t\t\t\t<\/div>\n\t\t\t\t<\/div>\n\t\t\t\t<div class=\"elementor-element elementor-element-37e047d sc_fly_static elementor-widget elementor-widget-text-editor\" data-id=\"37e047d\" data-element_type=\"widget\" data-widget_type=\"text-editor.default\">\n\t\t\t\t<div class=\"elementor-widget-container\">\n\t\t\t\t\t\t\t\t\t<p data-start=\"53\" data-end=\"370\">Le\u00f5es Porto Salvo e a C\u00e2mara Municipal de Oeiras t\u00eam o prazer de apresentar a <strong data-start=\"131\" data-end=\"177\">Oeiras Valley 2025 Men\u2019s Senior Futsal Cup<\/strong>, um torneio de alto n\u00edvel que reunir\u00e1 quatro das melhores forma\u00e7\u00f5es nacionais e internacionais no fim de semana de <strong data-start=\"293\" data-end=\"314\">16 e 17 de agosto<\/strong>, no <strong data-start=\"319\" data-end=\"369\">Complexo Desportivo e Social Le\u00f5es Porto Salvo<\/strong>.<\/p><h3 data-start=\"372\" data-end=\"397\">Equipas participantes<\/h3><ul data-start=\"398\" data-end=\"528\"><li data-start=\"398\" data-end=\"441\"><p data-start=\"400\" data-end=\"441\"><strong data-start=\"400\" data-end=\"421\">Le\u00f5es Porto Salvo<\/strong> (equipa anfitri\u00e3)<\/p><\/li><li data-start=\"442\" data-end=\"467\"><p data-start=\"444\" data-end=\"467\"><strong data-start=\"444\" data-end=\"465\">Quinta dos Lombos<\/strong><\/p><\/li><li data-start=\"468\" data-end=\"502\"><p data-start=\"470\" data-end=\"502\"><strong data-start=\"470\" data-end=\"500\">Sporting Clube de Portugal<\/strong><\/p><\/li><li data-start=\"503\" data-end=\"528\"><p data-start=\"505\" data-end=\"528\"><strong data-start=\"505\" data-end=\"526\">Sporting de Paris<\/strong><\/p><\/li><\/ul><h3 data-start=\"530\" data-end=\"552\">Hor\u00e1rios dos jogos<\/h3><h4 data-start=\"554\" data-end=\"579\">S\u00e1bado, 16 de agosto<\/h4><ul data-start=\"580\" data-end=\"683\"><li data-start=\"580\" data-end=\"634\"><p data-start=\"582\" data-end=\"634\"><strong data-start=\"582\" data-end=\"591\">15h30<\/strong>: Le\u00f5es Porto Salvo vs. Quinta dos Lombos<\/p><\/li><li data-start=\"635\" data-end=\"683\"><p data-start=\"637\" data-end=\"683\"><strong data-start=\"637\" data-end=\"646\">18h00<\/strong>: Sporting CP vs. Sporting de Paris<\/p><\/li><\/ul><h4 data-start=\"685\" data-end=\"711\">Domingo, 17 de agosto<\/h4><ul data-start=\"712\" data-end=\"771\"><li data-start=\"712\" data-end=\"750\"><p data-start=\"714\" data-end=\"750\"><strong data-start=\"714\" data-end=\"723\">15h30<\/strong>: Jogo de 3.\u00ba e 4.\u00ba lugar<\/p><\/li><li data-start=\"751\" data-end=\"771\"><p data-start=\"753\" data-end=\"771\"><strong data-start=\"753\" data-end=\"762\">18h00<\/strong>: Final<\/p><\/li><\/ul><h3 data-start=\"773\" data-end=\"784\">Formato<\/h3><ul data-start=\"785\" data-end=\"925\"><li data-start=\"785\" data-end=\"824\"><p data-start=\"787\" data-end=\"824\">As meias-finais decorrem no s\u00e1bado;<\/p><\/li><li data-start=\"825\" data-end=\"925\"><p data-start=\"827\" data-end=\"925\">No domingo jogam-se a partida de atribui\u00e7\u00e3o dos 3.\u00ba\/4.\u00ba lugares e, na sequ\u00eancia, a grande final.<\/p><\/li><\/ul><h3 data-start=\"927\" data-end=\"957\">Experi\u00eancia para o p\u00fablico<\/h3><ul data-start=\"958\" data-end=\"1233\"><li data-start=\"958\" data-end=\"999\"><p data-start=\"960\" data-end=\"999\"><strong data-start=\"960\" data-end=\"977\">Entrada livre<\/strong>, sujeita \u00e0 lota\u00e7\u00e3o;<\/p><\/li><\/ul><p data-start=\"1235\" data-end=\"1427\" data-is-last-node=\"\" data-is-only-node=\"\">Convidamos toda a comunidade e os apaixonados por futsal a viver um fim de semana inesquec\u00edvel, onde a tradi\u00e7\u00e3o do futsal portugu\u00eas e a ambi\u00e7\u00e3o internacional se encontram no cora\u00e7\u00e3o de Oeiras!<\/p>\t\t\t\t\t\t\t\t<\/div>\n\t\t\t\t<\/div>\n\t\t\t\t\t<\/div>\n\t\t<\/div>\n\t\t\t\t\t<\/div>\n\t\t<\/section>\n\t\t\t\t<section class=\"elementor-section elementor-top-section elementor-element elementor-element-2b0f48e elementor-section-boxed elementor-section-height-default elementor-section-height-default sc_fly_static\" data-id=\"2b0f48e\" data-element_type=\"section\">\n\t\t\t\t\t\t<div class=\"elementor-container elementor-column-gap-extended\">\n\t\t\t\t\t<div class=\"elementor-column elementor-col-100 elementor-top-column elementor-element elementor-element-f94ce7b sc_content_align_inherit sc_layouts_column_icons_position_left sc_fly_static\" data-id=\"f94ce7b\" data-element_type=\"column\">\n\t\t\t<div class=\"elementor-widget-wrap elementor-element-populated\">\n\t\t\t\t\t\t<div class=\"elementor-element elementor-element-61715c5 sc_height_huge sc_fly_static elementor-widget elementor-widget-spacer\" data-id=\"61715c5\" data-element_type=\"widget\" data-widget_type=\"spacer.default\">\n\t\t\t\t<div class=\"elementor-widget-container\">\n\t\t\t\t\t\t\t<div class=\"elementor-spacer\">\n\t\t\t<div class=\"elementor-spacer-inner\"><\/div>\n\t\t<\/div>\n\t\t\t\t\t\t<\/div>\n\t\t\t\t<\/div>\n\t\t\t\t\t<\/div>\n\t\t<\/div>\n\t\t\t\t\t<\/div>\n\t\t<\/section>\n\t\t\t\t<section class=\"elementor-section elementor-top-section elementor-element elementor-element-5eb40b6 sc_layouts_hide_on_wide sc_layouts_hide_on_desktop sc_layouts_hide_on_notebook sc_layouts_hide_on_tablet sc_layouts_hide_on_mobile elementor-section-boxed elementor-section-height-default elementor-section-height-default sc_fly_static\" data-id=\"5eb40b6\" data-element_type=\"section\">\n\t\t\t\t\t\t<div class=\"elementor-container elementor-column-gap-extended\">\n\t\t\t\t\t<div class=\"elementor-column elementor-col-33 elementor-top-column elementor-element elementor-element-567ab79 sc_content_align_inherit sc_layouts_column_icons_position_left sc_fly_static\" data-id=\"567ab79\" data-element_type=\"column\">\n\t\t\t<div class=\"elementor-widget-wrap elementor-element-populated\">\n\t\t\t\t\t\t<div class=\"elementor-element elementor-element-7bbe4c7 sc_fly_static elementor-widget elementor-widget-shortcode\" data-id=\"7bbe4c7\" data-element_type=\"widget\" data-widget_type=\"shortcode.default\">\n\t\t\t\t<div class=\"elementor-widget-container\">\n\t\t\t\t\t\t\t<div class=\"elementor-shortcode\"><div class=\"sportspress\"><div class=\"sp-template sp-template-event-blocks\">\n\t<div class=\"sp-table-wrapper\">\n\t\t<table class=\"sp-event-blocks sp-data-table\n\t\t\t\t\t sp-paginated-table\" data-sp-rows=\"6\">\n\t\t\t<thead><tr><th><\/th><\/tr><\/thead> \t\t\t<tbody>\n\t\t\t\t\t\t\t<\/tbody>\n\t\t<\/table>\n\t<\/div>\n\t<\/div>\n<\/div><\/div>\n\t\t\t\t\t\t<\/div>\n\t\t\t\t<\/div>\n\t\t\t\t\t<\/div>\n\t\t<\/div>\n\t\t\t\t<div class=\"elementor-column elementor-col-33 elementor-top-column elementor-element elementor-element-3cd1efa sc_content_align_inherit sc_layouts_column_icons_position_left sc_fly_static\" data-id=\"3cd1efa\" data-element_type=\"column\">\n\t\t\t<div class=\"elementor-widget-wrap elementor-element-populated\">\n\t\t\t\t\t\t<div class=\"elementor-element elementor-element-446daa5 sc_fly_static elementor-widget elementor-widget-shortcode\" data-id=\"446daa5\" data-element_type=\"widget\" data-widget_type=\"shortcode.default\">\n\t\t\t\t<div class=\"elementor-widget-container\">\n\t\t\t\t\t\t\t<div class=\"elementor-shortcode\"><div class=\"sportspress\"><div class=\"sp-template sp-template-event-blocks\">\n\t<div class=\"sp-table-wrapper\">\n\t\t<table class=\"sp-event-blocks sp-data-table\n\t\t\t\t\t sp-paginated-table\" data-sp-rows=\"6\">\n\t\t\t<thead><tr><th><\/th><\/tr><\/thead> \t\t\t<tbody>\n\t\t\t\t\t\t\t<\/tbody>\n\t\t<\/table>\n\t<\/div>\n\t<\/div>\n<\/div><\/div>\n\t\t\t\t\t\t<\/div>\n\t\t\t\t<\/div>\n\t\t\t\t\t<\/div>\n\t\t<\/div>\n\t\t\t\t<div class=\"elementor-column elementor-col-33 elementor-top-column elementor-element elementor-element-234df55 sc_content_align_inherit sc_layouts_column_icons_position_left sc_fly_static\" data-id=\"234df55\" data-element_type=\"column\">\n\t\t\t<div class=\"elementor-widget-wrap elementor-element-populated\">\n\t\t\t\t\t\t<div class=\"elementor-element elementor-element-a34927c sc_fly_static elementor-widget elementor-widget-shortcode\" data-id=\"a34927c\" data-element_type=\"widget\" data-widget_type=\"shortcode.default\">\n\t\t\t\t<div class=\"elementor-widget-container\">\n\t\t\t\t\t\t\t<div class=\"elementor-shortcode\"><div class=\"sportspress\"><div class=\"sp-template sp-template-event-blocks\">\n\t<div class=\"sp-table-wrapper\">\n\t\t<table class=\"sp-event-blocks sp-data-table\n\t\t\t\t\t sp-paginated-table\" data-sp-rows=\"6\">\n\t\t\t<thead><tr><th><\/th><\/tr><\/thead> \t\t\t<tbody>\n\t\t\t\t\t\t\t<\/tbody>\n\t\t<\/table>\n\t<\/div>\n\t<\/div>\n<\/div><\/div>\n\t\t\t\t\t\t<\/div>\n\t\t\t\t<\/div>\n\t\t\t\t\t<\/div>\n\t\t<\/div>\n\t\t\t\t\t<\/div>\n\t\t<\/section>\n\t\t\t\t<section class=\"elementor-section elementor-top-section elementor-element elementor-element-0b3d9db scheme_default elementor-section-boxed elementor-section-height-default elementor-section-height-default sc_fly_static\" data-id=\"0b3d9db\" data-element_type=\"section\" data-settings=\"{&quot;background_background&quot;:&quot;classic&quot;}\">\n\t\t\t\t\t\t<div class=\"elementor-container elementor-column-gap-extended\">\n\t\t\t\t\t<div class=\"elementor-column elementor-col-100 elementor-top-column elementor-element elementor-element-7bfb4a5 sc_content_align_inherit sc_layouts_column_icons_position_left sc_fly_static\" data-id=\"7bfb4a5\" data-element_type=\"column\">\n\t\t\t<div class=\"elementor-widget-wrap elementor-element-populated\">\n\t\t\t\t\t\t<div class=\"elementor-element elementor-element-8786a06 sc_height_huge sc_fly_static elementor-widget elementor-widget-spacer\" data-id=\"8786a06\" data-element_type=\"widget\" data-widget_type=\"spacer.default\">\n\t\t\t\t<div class=\"elementor-widget-container\">\n\t\t\t\t\t\t\t<div class=\"elementor-spacer\">\n\t\t\t<div class=\"elementor-spacer-inner\"><\/div>\n\t\t<\/div>\n\t\t\t\t\t\t<\/div>\n\t\t\t\t<\/div>\n\t\t\t\t\t<\/div>\n\t\t<\/div>\n\t\t\t\t\t<\/div>\n\t\t<\/section>\n\t\t\t\t<section class=\"elementor-section elementor-top-section elementor-element elementor-element-3c9b2a6 scheme_default elementor-section-boxed elementor-section-height-default elementor-section-height-default sc_fly_static\" data-id=\"3c9b2a6\" data-element_type=\"section\" data-settings=\"{&quot;background_background&quot;:&quot;classic&quot;}\">\n\t\t\t\t\t\t<div class=\"elementor-container elementor-column-gap-extended\">\n\t\t\t\t\t<div class=\"elementor-column elementor-col-50 elementor-top-column elementor-element elementor-element-3f5b1cd sc-mobile_layouts_column_align_center sc_layouts_column sc_content_align_inherit sc_layouts_column_icons_position_left sc_fly_static\" data-id=\"3f5b1cd\" data-element_type=\"column\">\n\t\t\t<div class=\"elementor-widget-wrap elementor-element-populated\">\n\t\t\t\t\t\t<div class=\"elementor-element elementor-element-4a13772 sc_fly_static elementor-widget elementor-widget-trx_sc_title\" data-id=\"4a13772\" data-element_type=\"widget\" data-widget_type=\"trx_sc_title.default\">\n\t\t\t\t<div class=\"elementor-widget-container\">\n\t\t\t\t\t<div\t\tclass=\"sc_title sc_title_default\" ><span class=\"sc_item_subtitle sc_title_subtitle sc_item_subtitle_above sc_item_title_style_default sc_item_subtitle_with_custom_color trx_addons_inline_2055235481\">Oeiras Valley 2025 Men\u2019s Senior Futsal Cup<\/span><h1 class=\"sc_item_title sc_title_title sc_item_title_style_default sc_item_title_tag trx_addons_inline_1833369398\"\n\t\t\t><span class=\"sc_item_title_text\">16-17 AGOSTO<\/span><\/h1><\/div>\t\t\t\t<\/div>\n\t\t\t\t<\/div>\n\t\t\t\t\t<\/div>\n\t\t<\/div>\n\t\t\t\t<div class=\"elementor-column elementor-col-50 elementor-top-column elementor-element elementor-element-7b4fcbd sc_layouts_column_align_right sc_layouts_column sc-mobile_layouts_column_align_center sc_layouts_column sc_content_align_inherit sc_layouts_column_icons_position_left sc_fly_static\" data-id=\"7b4fcbd\" data-element_type=\"column\">\n\t\t\t<div class=\"elementor-widget-wrap elementor-element-populated\">\n\t\t\t\t\t\t<div class=\"elementor-element elementor-element-9b0144a elementor-countdown--label-block sc_fly_static elementor-widget elementor-widget-countdown\" data-id=\"9b0144a\" data-element_type=\"widget\" data-widget_type=\"countdown.default\">\n\t\t\t\t<div class=\"elementor-widget-container\">\n\t\t\t\t\t\t\t<div class=\"elementor-countdown-wrapper\" data-date=\"1755358200\">\n\t\t\t<div class=\"elementor-countdown-item\"><span class=\"elementor-countdown-digits elementor-countdown-days\"><\/span> <span class=\"elementor-countdown-label\">Dias<\/span><\/div><div class=\"elementor-countdown-item\"><span class=\"elementor-countdown-digits elementor-countdown-hours\"><\/span> <span class=\"elementor-countdown-label\">Horas<\/span><\/div><div class=\"elementor-countdown-item\"><span class=\"elementor-countdown-digits elementor-countdown-minutes\"><\/span> <span class=\"elementor-countdown-label\">Minutos<\/span><\/div><div class=\"elementor-countdown-item\"><span class=\"elementor-countdown-digits elementor-countdown-seconds\"><\/span> <span class=\"elementor-countdown-label\">Segundos<\/span><\/div>\t\t<\/div>\n\t\t\t\t\t\t<\/div>\n\t\t\t\t<\/div>\n\t\t\t\t\t<\/div>\n\t\t<\/div>\n\t\t\t\t\t<\/div>\n\t\t<\/section>\n\t\t\t\t<section class=\"elementor-section elementor-top-section elementor-element elementor-element-cebd36d scheme_default elementor-section-boxed elementor-section-height-default elementor-section-height-default sc_fly_static\" data-id=\"cebd36d\" data-element_type=\"section\" data-settings=\"{&quot;background_background&quot;:&quot;classic&quot;}\">\n\t\t\t\t\t\t<div class=\"elementor-container elementor-column-gap-extended\">\n\t\t\t\t\t<div class=\"elementor-column elementor-col-100 elementor-top-column elementor-element elementor-element-66e8c74 sc_content_align_inherit sc_layouts_column_icons_position_left sc_fly_static\" data-id=\"66e8c74\" data-element_type=\"column\">\n\t\t\t<div class=\"elementor-widget-wrap elementor-element-populated\">\n\t\t\t\t\t\t<div class=\"elementor-element elementor-element-2bc7eb5 sc_height_huge sc_fly_static elementor-widget elementor-widget-spacer\" data-id=\"2bc7eb5\" data-element_type=\"widget\" data-widget_type=\"spacer.default\">\n\t\t\t\t<div class=\"elementor-widget-container\">\n\t\t\t\t\t\t\t<div class=\"elementor-spacer\">\n\t\t\t<div class=\"elementor-spacer-inner\"><\/div>\n\t\t<\/div>\n\t\t\t\t\t\t<\/div>\n\t\t\t\t<\/div>\n\t\t\t\t\t<\/div>\n\t\t<\/div>\n\t\t\t\t\t<\/div>\n\t\t<\/section>\n\t\t\t\t<\/div>\n\t\t","protected":false},"excerpt":{"rendered":"<p>Oeiras Valley 2025 Men\u2019s Senior Futsal Cup A Festa do Futsal S\u00e9nior Masculino Le\u00f5es Porto Salvo e a C\u00e2mara Municipal de Oeiras t\u00eam o prazer de apresentar a Oeiras&hellip;<\/p>\n","protected":false},"author":1,"featured_media":0,"parent":0,"menu_order":0,"comment_status":"closed","ping_status":"closed","template":"","meta":{"pagelayer_contact_templates":[],"_pagelayer_content":"","footnotes":""},"class_list":["post-44975","page","type-page","status-publish","hentry"],"_links":{"self":[{"href":"https:\/\/oeirasvalleycup.com\/2025\/wp-json\/wp\/v2\/pages\/44975","targetHints":{"allow":["GET"]}}],"collection":[{"href":"https:\/\/oeirasvalleycup.com\/2025\/wp-json\/wp\/v2\/pages"}],"about":[{"href":"https:\/\/oeirasvalleycup.com\/2025\/wp-json\/wp\/v2\/types\/page"}],"author":[{"embeddable":true,"href":"https:\/\/oeirasvalleycup.com\/2025\/wp-json\/wp\/v2\/users\/1"}],"replies":[{"embeddable":true,"href":"https:\/\/oeirasvalleycup.com\/2025\/wp-json\/wp\/v2\/comments?post=44975"}],"version-history":[{"count":9,"href":"https:\/\/oeirasvalleycup.com\/2025\/wp-json\/wp\/v2\/pages\/44975\/revisions"}],"predecessor-version":[{"id":45022,"href":"https:\/\/oeirasvalleycup.com\/2025\/wp-json\/wp\/v2\/pages\/44975\/revisions\/45022"}],"wp:attachment":[{"href":"https:\/\/oeirasvalleycup.com\/2025\/wp-json\/wp\/v2\/media?parent=44975"}],"curies":[{"name":"wp","href":"https:\/\/api.w.org\/{rel}","templated":true}]}}