{"id":28058,"date":"2023-09-18T06:46:12","date_gmt":"2023-09-18T06:46:12","guid":{"rendered":"https:\/\/oeirasvalleycup.com\/2025\/?page_id=28058"},"modified":"2025-05-30T11:01:39","modified_gmt":"2025-05-30T11:01:39","slug":"ovwomensyouthfootballcup","status":"publish","type":"page","link":"https:\/\/oeirasvalleycup.com\/2025\/ovwomensyouthfootballcup\/","title":{"rendered":"Oeiras Valley Women&#8217;s Youth Football 2025"},"content":{"rendered":"\t\t<div data-elementor-type=\"wp-page\" data-elementor-id=\"28058\" class=\"elementor elementor-28058\" data-elementor-post-type=\"page\">\n\t\t\t\t\t\t<section class=\"elementor-section elementor-top-section elementor-element elementor-element-7064bf7 elementor-section-boxed elementor-section-height-default elementor-section-height-default sc_fly_static\" data-id=\"7064bf7\" data-element_type=\"section\">\n\t\t\t\t\t\t<div class=\"elementor-container elementor-column-gap-extended\">\n\t\t\t\t\t<div class=\"elementor-column elementor-col-100 elementor-top-column elementor-element elementor-element-4591c7a sc_content_align_inherit sc_layouts_column_icons_position_left sc_fly_static\" data-id=\"4591c7a\" data-element_type=\"column\">\n\t\t\t<div class=\"elementor-widget-wrap elementor-element-populated\">\n\t\t\t\t\t\t<div class=\"elementor-element elementor-element-3f2e6ca sc_height_huge sc_fly_static elementor-widget elementor-widget-spacer\" data-id=\"3f2e6ca\" data-element_type=\"widget\" data-widget_type=\"spacer.default\">\n\t\t\t\t<div class=\"elementor-widget-container\">\n\t\t\t\t\t\t\t<div class=\"elementor-spacer\">\n\t\t\t<div class=\"elementor-spacer-inner\"><\/div>\n\t\t<\/div>\n\t\t\t\t\t\t<\/div>\n\t\t\t\t<\/div>\n\t\t\t\t\t<\/div>\n\t\t<\/div>\n\t\t\t\t\t<\/div>\n\t\t<\/section>\n\t\t\t\t<section class=\"elementor-section elementor-top-section elementor-element elementor-element-daaf175 elementor-section-boxed elementor-section-height-default elementor-section-height-default sc_fly_static\" data-id=\"daaf175\" data-element_type=\"section\">\n\t\t\t\t\t\t<div class=\"elementor-container elementor-column-gap-extended\">\n\t\t\t\t\t<div class=\"elementor-column elementor-col-50 elementor-top-column elementor-element elementor-element-18631d3 sc_content_align_inherit sc_layouts_column_icons_position_left sc_fly_static\" data-id=\"18631d3\" data-element_type=\"column\">\n\t\t\t<div class=\"elementor-widget-wrap elementor-element-populated\">\n\t\t\t\t\t\t<div class=\"elementor-element elementor-element-087728b sc_fly_static elementor-widget elementor-widget-image\" data-id=\"087728b\" data-element_type=\"widget\" data-widget_type=\"image.default\">\n\t\t\t\t<div class=\"elementor-widget-container\">\n\t\t\t\t\t\t\t\t\t\t\t\t\t\t\t<img fetchpriority=\"high\" decoding=\"async\" width=\"370\" height=\"656\" src=\"https:\/\/oeirasvalleycup.com\/2025\/wp-content\/uploads\/2025\/05\/mupi_digital_8m_2_370_px_656_px.png\" class=\"attachment-full size-full wp-image-44259\" alt=\"\" srcset=\"https:\/\/oeirasvalleycup.com\/2025\/wp-content\/uploads\/2025\/05\/mupi_digital_8m_2_370_px_656_px.png 370w, https:\/\/oeirasvalleycup.com\/2025\/wp-content\/uploads\/2025\/05\/mupi_digital_8m_2_370_px_656_px-169x300.png 169w, https:\/\/oeirasvalleycup.com\/2025\/wp-content\/uploads\/2025\/05\/mupi_digital_8m_2_370_px_656_px-282x500.png 282w, https:\/\/oeirasvalleycup.com\/2025\/wp-content\/uploads\/2025\/05\/mupi_digital_8m_2_370_px_656_px-226x400.png 226w, https:\/\/oeirasvalleycup.com\/2025\/wp-content\/uploads\/2025\/05\/mupi_digital_8m_2_370_px_656_px-18x32.png 18w\" sizes=\"(max-width: 600px) 100vw, 370px\" \/>\t\t\t\t\t\t\t\t\t\t\t\t\t\t\t<\/div>\n\t\t\t\t<\/div>\n\t\t\t\t\t<\/div>\n\t\t<\/div>\n\t\t\t\t<div class=\"elementor-column elementor-col-50 elementor-top-column elementor-element elementor-element-4d89944 sc_content_align_inherit sc_layouts_column_icons_position_left sc_fly_static\" data-id=\"4d89944\" data-element_type=\"column\">\n\t\t\t<div class=\"elementor-widget-wrap elementor-element-populated\">\n\t\t\t\t\t\t<div class=\"elementor-element elementor-element-67bd1f4 sc_fly_static elementor-widget elementor-widget-trx_sc_title\" data-id=\"67bd1f4\" data-element_type=\"widget\" data-widget_type=\"trx_sc_title.default\">\n\t\t\t\t<div class=\"elementor-widget-container\">\n\t\t\t\t\t<div\t\tclass=\"sc_title sc_title_default\" ><span class=\"sc_item_subtitle sc_title_subtitle sc_item_subtitle_above sc_item_title_style_default\">Oeiras Valley Women's youth<br>football cup 2025<\/span><h1 class=\"sc_item_title sc_title_title sc_item_title_style_default sc_item_title_tag\"\n\t\t\t><span class=\"sc_item_title_text\">A Festa do Futebol Jovem Feminino<\/span><\/h1><\/div>\t\t\t\t<\/div>\n\t\t\t\t<\/div>\n\t\t\t\t<div class=\"elementor-element elementor-element-36cc8d1 sc_fly_static elementor-widget elementor-widget-spacer\" data-id=\"36cc8d1\" data-element_type=\"widget\" data-widget_type=\"spacer.default\">\n\t\t\t\t<div class=\"elementor-widget-container\">\n\t\t\t\t\t\t\t<div class=\"elementor-spacer\">\n\t\t\t<div class=\"elementor-spacer-inner\"><\/div>\n\t\t<\/div>\n\t\t\t\t\t\t<\/div>\n\t\t\t\t<\/div>\n\t\t\t\t<div class=\"elementor-element elementor-element-37e047d sc_fly_static elementor-widget elementor-widget-text-editor\" data-id=\"37e047d\" data-element_type=\"widget\" data-widget_type=\"text-editor.default\">\n\t\t\t\t<div class=\"elementor-widget-container\">\n\t\t\t\t\t\t\t\t\t<p data-start=\"135\" data-end=\"474\">Nos dias <strong data-start=\"144\" data-end=\"172\">21 e 22 de junho de 2025<\/strong>, Oeiras ser\u00e1 palco da <strong data-start=\"195\" data-end=\"239\">Oeiras Valley Women\u2019s Youth Football Cup<\/strong>, um torneio internacional dedicado ao futebol feminino de forma\u00e7\u00e3o, que contar\u00e1 com tr\u00eas escal\u00f5es competitivos: <strong data-start=\"352\" data-end=\"388\">Sub-13 (Campo Adriano Canas n\u00ba2)<\/strong>, <strong data-start=\"390\" data-end=\"421\">Sub-15 (Campo do Vila Fria)<\/strong> e <strong data-start=\"424\" data-end=\"450\">Sub-17 (Campo da Lage)<\/strong> \u2013 todos em Porto Salvo.<\/p><p data-start=\"476\" data-end=\"769\">Este evento celebra o talento, a igualdade e o futuro do futebol feminino, proporcionando uma experi\u00eancia desportiva e social \u00fanica a atletas de v\u00e1rias nacionalidades. Cada equipa tem garantia de\u00a0 arbitragem profissional, assist\u00eancia m\u00e9dica e um ambiente inclusivo e multicultural.<\/p><p data-start=\"771\" data-end=\"971\">Mais do que uma competi\u00e7\u00e3o, o torneio \u00e9 uma plataforma para o empoderamento das jovens jogadoras, com cobertura medi\u00e1tica, pr\u00e9mios individuais e a presen\u00e7a de figuras de destaque do futebol feminino.<\/p><p data-start=\"973\" data-end=\"1043\"><strong data-start=\"973\" data-end=\"1043\">Oeiras confirma-se assim como a capital do futebol jovem feminino.<\/strong><\/p>\t\t\t\t\t\t\t\t<\/div>\n\t\t\t\t<\/div>\n\t\t\t\t\t<\/div>\n\t\t<\/div>\n\t\t\t\t\t<\/div>\n\t\t<\/section>\n\t\t\t\t<section class=\"elementor-section elementor-top-section elementor-element elementor-element-2b0f48e elementor-section-boxed elementor-section-height-default elementor-section-height-default sc_fly_static\" data-id=\"2b0f48e\" data-element_type=\"section\">\n\t\t\t\t\t\t<div class=\"elementor-container elementor-column-gap-extended\">\n\t\t\t\t\t<div class=\"elementor-column elementor-col-100 elementor-top-column elementor-element elementor-element-f94ce7b sc_content_align_inherit sc_layouts_column_icons_position_left sc_fly_static\" data-id=\"f94ce7b\" data-element_type=\"column\">\n\t\t\t<div class=\"elementor-widget-wrap elementor-element-populated\">\n\t\t\t\t\t\t<div class=\"elementor-element elementor-element-61715c5 sc_height_huge sc_fly_static elementor-widget elementor-widget-spacer\" data-id=\"61715c5\" data-element_type=\"widget\" data-widget_type=\"spacer.default\">\n\t\t\t\t<div class=\"elementor-widget-container\">\n\t\t\t\t\t\t\t<div class=\"elementor-spacer\">\n\t\t\t<div class=\"elementor-spacer-inner\"><\/div>\n\t\t<\/div>\n\t\t\t\t\t\t<\/div>\n\t\t\t\t<\/div>\n\t\t\t\t\t<\/div>\n\t\t<\/div>\n\t\t\t\t\t<\/div>\n\t\t<\/section>\n\t\t\t\t<section class=\"elementor-section elementor-top-section elementor-element elementor-element-5eb40b6 sc_layouts_hide_on_wide sc_layouts_hide_on_desktop sc_layouts_hide_on_notebook sc_layouts_hide_on_tablet sc_layouts_hide_on_mobile elementor-section-boxed elementor-section-height-default elementor-section-height-default sc_fly_static\" data-id=\"5eb40b6\" data-element_type=\"section\">\n\t\t\t\t\t\t<div class=\"elementor-container elementor-column-gap-extended\">\n\t\t\t\t\t<div class=\"elementor-column elementor-col-33 elementor-top-column elementor-element elementor-element-567ab79 sc_content_align_inherit sc_layouts_column_icons_position_left sc_fly_static\" data-id=\"567ab79\" data-element_type=\"column\">\n\t\t\t<div class=\"elementor-widget-wrap elementor-element-populated\">\n\t\t\t\t\t\t<div class=\"elementor-element elementor-element-7bbe4c7 sc_fly_static elementor-widget elementor-widget-shortcode\" data-id=\"7bbe4c7\" data-element_type=\"widget\" data-widget_type=\"shortcode.default\">\n\t\t\t\t<div class=\"elementor-widget-container\">\n\t\t\t\t\t\t\t<div class=\"elementor-shortcode\"><div class=\"sportspress\"><div class=\"sp-template sp-template-event-blocks\">\n\t<div class=\"sp-table-wrapper\">\n\t\t<table class=\"sp-event-blocks sp-data-table\n\t\t\t\t\t sp-paginated-table\" data-sp-rows=\"6\">\n\t\t\t<thead><tr><th><\/th><\/tr><\/thead> \t\t\t<tbody>\n\t\t\t\t\t\t\t<\/tbody>\n\t\t<\/table>\n\t<\/div>\n\t<\/div>\n<\/div><\/div>\n\t\t\t\t\t\t<\/div>\n\t\t\t\t<\/div>\n\t\t\t\t\t<\/div>\n\t\t<\/div>\n\t\t\t\t<div class=\"elementor-column elementor-col-33 elementor-top-column elementor-element elementor-element-3cd1efa sc_content_align_inherit sc_layouts_column_icons_position_left sc_fly_static\" data-id=\"3cd1efa\" data-element_type=\"column\">\n\t\t\t<div class=\"elementor-widget-wrap elementor-element-populated\">\n\t\t\t\t\t\t<div class=\"elementor-element elementor-element-446daa5 sc_fly_static elementor-widget elementor-widget-shortcode\" data-id=\"446daa5\" data-element_type=\"widget\" data-widget_type=\"shortcode.default\">\n\t\t\t\t<div class=\"elementor-widget-container\">\n\t\t\t\t\t\t\t<div class=\"elementor-shortcode\"><div class=\"sportspress\"><div class=\"sp-template sp-template-event-blocks\">\n\t<div class=\"sp-table-wrapper\">\n\t\t<table class=\"sp-event-blocks sp-data-table\n\t\t\t\t\t sp-paginated-table\" data-sp-rows=\"6\">\n\t\t\t<thead><tr><th><\/th><\/tr><\/thead> \t\t\t<tbody>\n\t\t\t\t\t\t\t<\/tbody>\n\t\t<\/table>\n\t<\/div>\n\t<\/div>\n<\/div><\/div>\n\t\t\t\t\t\t<\/div>\n\t\t\t\t<\/div>\n\t\t\t\t\t<\/div>\n\t\t<\/div>\n\t\t\t\t<div class=\"elementor-column elementor-col-33 elementor-top-column elementor-element elementor-element-234df55 sc_content_align_inherit sc_layouts_column_icons_position_left sc_fly_static\" data-id=\"234df55\" data-element_type=\"column\">\n\t\t\t<div class=\"elementor-widget-wrap elementor-element-populated\">\n\t\t\t\t\t\t<div class=\"elementor-element elementor-element-a34927c sc_fly_static elementor-widget elementor-widget-shortcode\" data-id=\"a34927c\" data-element_type=\"widget\" data-widget_type=\"shortcode.default\">\n\t\t\t\t<div class=\"elementor-widget-container\">\n\t\t\t\t\t\t\t<div class=\"elementor-shortcode\"><div class=\"sportspress\"><div class=\"sp-template sp-template-event-blocks\">\n\t<div class=\"sp-table-wrapper\">\n\t\t<table class=\"sp-event-blocks sp-data-table\n\t\t\t\t\t sp-paginated-table\" data-sp-rows=\"6\">\n\t\t\t<thead><tr><th><\/th><\/tr><\/thead> \t\t\t<tbody>\n\t\t\t\t\t\t\t<\/tbody>\n\t\t<\/table>\n\t<\/div>\n\t<\/div>\n<\/div><\/div>\n\t\t\t\t\t\t<\/div>\n\t\t\t\t<\/div>\n\t\t\t\t\t<\/div>\n\t\t<\/div>\n\t\t\t\t\t<\/div>\n\t\t<\/section>\n\t\t\t\t<section class=\"elementor-section elementor-top-section elementor-element elementor-element-0b3d9db scheme_default elementor-section-boxed elementor-section-height-default elementor-section-height-default sc_fly_static\" data-id=\"0b3d9db\" data-element_type=\"section\" data-settings=\"{&quot;background_background&quot;:&quot;classic&quot;}\">\n\t\t\t\t\t\t<div class=\"elementor-container elementor-column-gap-extended\">\n\t\t\t\t\t<div class=\"elementor-column elementor-col-100 elementor-top-column elementor-element elementor-element-7bfb4a5 sc_content_align_inherit sc_layouts_column_icons_position_left sc_fly_static\" data-id=\"7bfb4a5\" data-element_type=\"column\">\n\t\t\t<div class=\"elementor-widget-wrap elementor-element-populated\">\n\t\t\t\t\t\t<div class=\"elementor-element elementor-element-8786a06 sc_height_huge sc_fly_static elementor-widget elementor-widget-spacer\" data-id=\"8786a06\" data-element_type=\"widget\" data-widget_type=\"spacer.default\">\n\t\t\t\t<div class=\"elementor-widget-container\">\n\t\t\t\t\t\t\t<div class=\"elementor-spacer\">\n\t\t\t<div class=\"elementor-spacer-inner\"><\/div>\n\t\t<\/div>\n\t\t\t\t\t\t<\/div>\n\t\t\t\t<\/div>\n\t\t\t\t\t<\/div>\n\t\t<\/div>\n\t\t\t\t\t<\/div>\n\t\t<\/section>\n\t\t\t\t<section class=\"elementor-section elementor-top-section elementor-element elementor-element-3c9b2a6 scheme_default elementor-section-boxed elementor-section-height-default elementor-section-height-default sc_fly_static\" data-id=\"3c9b2a6\" data-element_type=\"section\" data-settings=\"{&quot;background_background&quot;:&quot;classic&quot;}\">\n\t\t\t\t\t\t<div class=\"elementor-container elementor-column-gap-extended\">\n\t\t\t\t\t<div class=\"elementor-column elementor-col-50 elementor-top-column elementor-element elementor-element-3f5b1cd sc-mobile_layouts_column_align_center sc_layouts_column sc_content_align_inherit sc_layouts_column_icons_position_left sc_fly_static\" data-id=\"3f5b1cd\" data-element_type=\"column\">\n\t\t\t<div class=\"elementor-widget-wrap elementor-element-populated\">\n\t\t\t\t\t\t<div class=\"elementor-element elementor-element-4a13772 sc_fly_static elementor-widget elementor-widget-trx_sc_title\" data-id=\"4a13772\" data-element_type=\"widget\" data-widget_type=\"trx_sc_title.default\">\n\t\t\t\t<div class=\"elementor-widget-container\">\n\t\t\t\t\t<div\t\tclass=\"sc_title sc_title_default\" ><span class=\"sc_item_subtitle sc_title_subtitle sc_item_subtitle_above sc_item_title_style_default sc_item_subtitle_with_custom_color trx_addons_inline_379270854\">Oeiras Valley women's Youth<br\/>football Cup 2025<\/span><h1 class=\"sc_item_title sc_title_title sc_item_title_style_default sc_item_title_tag trx_addons_inline_43998369\"\n\t\t\t><span class=\"sc_item_title_text\">21-22 JUNHO<\/span><\/h1><\/div>\t\t\t\t<\/div>\n\t\t\t\t<\/div>\n\t\t\t\t\t<\/div>\n\t\t<\/div>\n\t\t\t\t<div class=\"elementor-column elementor-col-50 elementor-top-column elementor-element elementor-element-7b4fcbd sc_layouts_column_align_right sc_layouts_column sc-mobile_layouts_column_align_center sc_layouts_column sc_content_align_inherit sc_layouts_column_icons_position_left sc_fly_static\" data-id=\"7b4fcbd\" data-element_type=\"column\">\n\t\t\t<div class=\"elementor-widget-wrap elementor-element-populated\">\n\t\t\t\t\t\t<div class=\"elementor-element elementor-element-9b0144a elementor-countdown--label-block sc_fly_static elementor-widget elementor-widget-countdown\" data-id=\"9b0144a\" data-element_type=\"widget\" data-widget_type=\"countdown.default\">\n\t\t\t\t<div class=\"elementor-widget-container\">\n\t\t\t\t\t\t\t<div class=\"elementor-countdown-wrapper\" data-date=\"1750496400\">\n\t\t\t<div class=\"elementor-countdown-item\"><span class=\"elementor-countdown-digits elementor-countdown-days\"><\/span> <span class=\"elementor-countdown-label\">Dias<\/span><\/div><div class=\"elementor-countdown-item\"><span class=\"elementor-countdown-digits elementor-countdown-hours\"><\/span> <span class=\"elementor-countdown-label\">Horas<\/span><\/div><div class=\"elementor-countdown-item\"><span class=\"elementor-countdown-digits elementor-countdown-minutes\"><\/span> <span class=\"elementor-countdown-label\">Minutos<\/span><\/div><div class=\"elementor-countdown-item\"><span class=\"elementor-countdown-digits elementor-countdown-seconds\"><\/span> <span class=\"elementor-countdown-label\">Segundos<\/span><\/div>\t\t<\/div>\n\t\t\t\t\t\t<\/div>\n\t\t\t\t<\/div>\n\t\t\t\t\t<\/div>\n\t\t<\/div>\n\t\t\t\t\t<\/div>\n\t\t<\/section>\n\t\t\t\t<section class=\"elementor-section elementor-top-section elementor-element elementor-element-cebd36d scheme_default elementor-section-boxed elementor-section-height-default elementor-section-height-default sc_fly_static\" data-id=\"cebd36d\" data-element_type=\"section\" data-settings=\"{&quot;background_background&quot;:&quot;classic&quot;}\">\n\t\t\t\t\t\t<div class=\"elementor-container elementor-column-gap-extended\">\n\t\t\t\t\t<div class=\"elementor-column elementor-col-100 elementor-top-column elementor-element elementor-element-66e8c74 sc_content_align_inherit sc_layouts_column_icons_position_left sc_fly_static\" data-id=\"66e8c74\" data-element_type=\"column\">\n\t\t\t<div class=\"elementor-widget-wrap elementor-element-populated\">\n\t\t\t\t\t\t<div class=\"elementor-element elementor-element-2bc7eb5 sc_height_huge sc_fly_static elementor-widget elementor-widget-spacer\" data-id=\"2bc7eb5\" data-element_type=\"widget\" data-widget_type=\"spacer.default\">\n\t\t\t\t<div class=\"elementor-widget-container\">\n\t\t\t\t\t\t\t<div class=\"elementor-spacer\">\n\t\t\t<div class=\"elementor-spacer-inner\"><\/div>\n\t\t<\/div>\n\t\t\t\t\t\t<\/div>\n\t\t\t\t<\/div>\n\t\t\t\t\t<\/div>\n\t\t<\/div>\n\t\t\t\t\t<\/div>\n\t\t<\/section>\n\t\t\t\t<\/div>\n\t\t","protected":false},"excerpt":{"rendered":"<p>Oeiras Valley Women&#8217;s youthfootball cup 2025 A Festa do Futebol Jovem Feminino Nos dias 21 e 22 de junho de 2025, Oeiras ser\u00e1 palco da Oeiras Valley Women\u2019s Youth&hellip;<\/p>\n","protected":false},"author":1,"featured_media":0,"parent":0,"menu_order":0,"comment_status":"closed","ping_status":"closed","template":"","meta":{"pagelayer_contact_templates":[],"_pagelayer_content":"","footnotes":""},"class_list":["post-28058","page","type-page","status-publish","hentry"],"_links":{"self":[{"href":"https:\/\/oeirasvalleycup.com\/2025\/wp-json\/wp\/v2\/pages\/28058","targetHints":{"allow":["GET"]}}],"collection":[{"href":"https:\/\/oeirasvalleycup.com\/2025\/wp-json\/wp\/v2\/pages"}],"about":[{"href":"https:\/\/oeirasvalleycup.com\/2025\/wp-json\/wp\/v2\/types\/page"}],"author":[{"embeddable":true,"href":"https:\/\/oeirasvalleycup.com\/2025\/wp-json\/wp\/v2\/users\/1"}],"replies":[{"embeddable":true,"href":"https:\/\/oeirasvalleycup.com\/2025\/wp-json\/wp\/v2\/comments?post=28058"}],"version-history":[{"count":21,"href":"https:\/\/oeirasvalleycup.com\/2025\/wp-json\/wp\/v2\/pages\/28058\/revisions"}],"predecessor-version":[{"id":44781,"href":"https:\/\/oeirasvalleycup.com\/2025\/wp-json\/wp\/v2\/pages\/28058\/revisions\/44781"}],"wp:attachment":[{"href":"https:\/\/oeirasvalleycup.com\/2025\/wp-json\/wp\/v2\/media?parent=28058"}],"curies":[{"name":"wp","href":"https:\/\/api.w.org\/{rel}","templated":true}]}}